{"id":2,"date":"2023-01-04T21:45:09","date_gmt":"2023-01-04T21:45:09","guid":{"rendered":"http:\/\/draalinecouto.com.br\/?page_id=2"},"modified":"2023-08-16T17:32:41","modified_gmt":"2023-08-16T17:32:41","slug":"sample-page","status":"publish","type":"page","link":"https:\/\/draalinecouto.com.br\/?page_id=2","title":{"rendered":"Blog"},"content":{"rendered":"\t\t<div data-elementor-type=\"wp-page\" data-elementor-id=\"2\" class=\"elementor elementor-2\" data-elementor-post-type=\"page\">\n\t\t\t\t\t\t<section class=\"elementor-section elementor-top-section elementor-element elementor-element-aeb12d5 elementor-section-boxed elementor-section-height-default elementor-section-height-default\" data-id=\"aeb12d5\" data-element_type=\"section\">\n\t\t\t\t\t\t<div class=\"elementor-container elementor-column-gap-default\">\n\t\t\t\t\t<div class=\"elementor-column elementor-col-100 elementor-top-column elementor-element elementor-element-357cefe\" data-id=\"357cefe\" data-element_type=\"column\">\n\t\t\t<div class=\"elementor-widget-wrap elementor-element-populated\">\n\t\t\t\t\t\t<div class=\"elementor-element elementor-element-55aa1b8 elementor-grid-3 elementor-grid-tablet-2 elementor-grid-mobile-1 elementor-posts--thumbnail-top elementor-widget elementor-widget-posts\" data-id=\"55aa1b8\" data-element_type=\"widget\" data-settings=\"{&quot;pagination_type&quot;:&quot;numbers_and_prev_next&quot;,&quot;classic_columns&quot;:&quot;3&quot;,&quot;classic_columns_tablet&quot;:&quot;2&quot;,&quot;classic_columns_mobile&quot;:&quot;1&quot;,&quot;classic_row_gap&quot;:{&quot;unit&quot;:&quot;px&quot;,&quot;size&quot;:35,&quot;sizes&quot;:[]},&quot;classic_row_gap_tablet&quot;:{&quot;unit&quot;:&quot;px&quot;,&quot;size&quot;:&quot;&quot;,&quot;sizes&quot;:[]},&quot;classic_row_gap_mobile&quot;:{&quot;unit&quot;:&quot;px&quot;,&quot;size&quot;:&quot;&quot;,&quot;sizes&quot;:[]}}\" data-widget_type=\"posts.classic\">\n\t\t\t\t<div class=\"elementor-widget-container\">\n\t\t\t\t\t\t\t<div class=\"elementor-posts-container elementor-posts elementor-posts--skin-classic elementor-grid\" role=\"list\">\n\t\t\t\t<article class=\"elementor-post elementor-grid-item post-966 post type-post status-publish format-standard has-post-thumbnail hentry category-pterigio\" role=\"listitem\">\n\t\t\t\t<a class=\"elementor-post__thumbnail__link\" href=\"https:\/\/draalinecouto.com.br\/?p=966\" tabindex=\"-1\" target=&quot;_blank&quot;>\n\t\t\t<div class=\"elementor-post__thumbnail\"><img fetchpriority=\"high\" decoding=\"async\" width=\"300\" height=\"200\" src=\"https:\/\/draalinecouto.com.br\/wp-content\/uploads\/2024\/01\/image-44-300x200.png\" class=\"attachment-medium size-medium wp-image-941\" alt=\"\" srcset=\"https:\/\/draalinecouto.com.br\/wp-content\/uploads\/2024\/01\/image-44-300x200.png 300w, https:\/\/draalinecouto.com.br\/wp-content\/uploads\/2024\/01\/image-44-1024x683.png 1024w, https:\/\/draalinecouto.com.br\/wp-content\/uploads\/2024\/01\/image-44-768x512.png 768w, https:\/\/draalinecouto.com.br\/wp-content\/uploads\/2024\/01\/image-44.png 1254w\" sizes=\"(max-width: 300px) 100vw, 300px\" \/><\/div>\n\t\t<\/a>\n\t\t\t\t<div class=\"elementor-post__text\">\n\t\t\t\t<h3 class=\"elementor-post__title\">\n\t\t\t<a href=\"https:\/\/draalinecouto.com.br\/?p=966\" target=&quot;_blank&quot;>\n\t\t\t\tPter\u00edgio: Orienta\u00e7\u00f5es Pr\u00e9-Operat\u00f3rias\t\t\t<\/a>\n\t\t<\/h3>\n\t\t\t\t<div class=\"elementor-post__meta-data\">\n\t\t\t\t\t<span class=\"elementor-post-date\">\n\t\t\tjaneiro 30, 2024\t\t<\/span>\n\t\t\t\t<\/div>\n\t\t\t\t\t<div class=\"elementor-post__read-more-wrapper\">\n\t\t\n\t\t<a class=\"elementor-post__read-more\" href=\"https:\/\/draalinecouto.com.br\/?p=966\" aria-label=\"Read more about Pter\u00edgio: Orienta\u00e7\u00f5es Pr\u00e9-Operat\u00f3rias\" tabindex=\"-1\" target=\"_blank\">\n\t\t\tLeia mais \u00bb\t\t<\/a>\n\n\t\t\t\t\t<\/div>\n\t\t\t\t<\/div>\n\t\t\t\t<\/article>\n\t\t\t\t<article class=\"elementor-post elementor-grid-item post-940 post type-post status-publish format-standard has-post-thumbnail hentry category-pterigio\" role=\"listitem\">\n\t\t\t\t<a class=\"elementor-post__thumbnail__link\" href=\"https:\/\/draalinecouto.com.br\/?p=940\" tabindex=\"-1\" target=&quot;_blank&quot;>\n\t\t\t<div class=\"elementor-post__thumbnail\"><img fetchpriority=\"high\" decoding=\"async\" width=\"300\" height=\"200\" src=\"https:\/\/draalinecouto.com.br\/wp-content\/uploads\/2024\/01\/image-44-300x200.png\" class=\"attachment-medium size-medium wp-image-941\" alt=\"\" srcset=\"https:\/\/draalinecouto.com.br\/wp-content\/uploads\/2024\/01\/image-44-300x200.png 300w, https:\/\/draalinecouto.com.br\/wp-content\/uploads\/2024\/01\/image-44-1024x683.png 1024w, https:\/\/draalinecouto.com.br\/wp-content\/uploads\/2024\/01\/image-44-768x512.png 768w, https:\/\/draalinecouto.com.br\/wp-content\/uploads\/2024\/01\/image-44.png 1254w\" sizes=\"(max-width: 300px) 100vw, 300px\" \/><\/div>\n\t\t<\/a>\n\t\t\t\t<div class=\"elementor-post__text\">\n\t\t\t\t<h3 class=\"elementor-post__title\">\n\t\t\t<a href=\"https:\/\/draalinecouto.com.br\/?p=940\" target=&quot;_blank&quot;>\n\t\t\t\tOrienta\u00e7\u00f5es para Cirurgia de Pter\u00edgio &#8211; Retorno\t\t\t<\/a>\n\t\t<\/h3>\n\t\t\t\t<div class=\"elementor-post__meta-data\">\n\t\t\t\t\t<span class=\"elementor-post-date\">\n\t\t\tjaneiro 30, 2024\t\t<\/span>\n\t\t\t\t<\/div>\n\t\t\t\t\t<div class=\"elementor-post__read-more-wrapper\">\n\t\t\n\t\t<a class=\"elementor-post__read-more\" href=\"https:\/\/draalinecouto.com.br\/?p=940\" aria-label=\"Read more about Orienta\u00e7\u00f5es para Cirurgia de Pter\u00edgio &#8211; Retorno\" tabindex=\"-1\" target=\"_blank\">\n\t\t\tLeia mais \u00bb\t\t<\/a>\n\n\t\t\t\t\t<\/div>\n\t\t\t\t<\/div>\n\t\t\t\t<\/article>\n\t\t\t\t<article class=\"elementor-post elementor-grid-item post-939 post type-post status-publish format-standard has-post-thumbnail hentry category-pterigio\" role=\"listitem\">\n\t\t\t\t<a class=\"elementor-post__thumbnail__link\" href=\"https:\/\/draalinecouto.com.br\/?p=939\" tabindex=\"-1\" target=&quot;_blank&quot;>\n\t\t\t<div class=\"elementor-post__thumbnail\"><img fetchpriority=\"high\" decoding=\"async\" width=\"300\" height=\"200\" src=\"https:\/\/draalinecouto.com.br\/wp-content\/uploads\/2024\/01\/image-44-300x200.png\" class=\"attachment-medium size-medium wp-image-941\" alt=\"\" srcset=\"https:\/\/draalinecouto.com.br\/wp-content\/uploads\/2024\/01\/image-44-300x200.png 300w, https:\/\/draalinecouto.com.br\/wp-content\/uploads\/2024\/01\/image-44-1024x683.png 1024w, https:\/\/draalinecouto.com.br\/wp-content\/uploads\/2024\/01\/image-44-768x512.png 768w, https:\/\/draalinecouto.com.br\/wp-content\/uploads\/2024\/01\/image-44.png 1254w\" sizes=\"(max-width: 300px) 100vw, 300px\" \/><\/div>\n\t\t<\/a>\n\t\t\t\t<div class=\"elementor-post__text\">\n\t\t\t\t<h3 class=\"elementor-post__title\">\n\t\t\t<a href=\"https:\/\/draalinecouto.com.br\/?p=939\" target=&quot;_blank&quot;>\n\t\t\t\tPter\u00edgio: Recomenda\u00e7\u00f5es P\u00f3s Operat\u00f3rias\t\t\t<\/a>\n\t\t<\/h3>\n\t\t\t\t<div class=\"elementor-post__meta-data\">\n\t\t\t\t\t<span class=\"elementor-post-date\">\n\t\t\tjaneiro 30, 2024\t\t<\/span>\n\t\t\t\t<\/div>\n\t\t\t\t\t<div class=\"elementor-post__read-more-wrapper\">\n\t\t\n\t\t<a class=\"elementor-post__read-more\" href=\"https:\/\/draalinecouto.com.br\/?p=939\" aria-label=\"Read more about Pter\u00edgio: Recomenda\u00e7\u00f5es P\u00f3s Operat\u00f3rias\" tabindex=\"-1\" target=\"_blank\">\n\t\t\tLeia mais \u00bb\t\t<\/a>\n\n\t\t\t\t\t<\/div>\n\t\t\t\t<\/div>\n\t\t\t\t<\/article>\n\t\t\t\t<article class=\"elementor-post elementor-grid-item post-938 post type-post status-publish format-standard has-post-thumbnail hentry category-pterigio\" role=\"listitem\">\n\t\t\t\t<a class=\"elementor-post__thumbnail__link\" href=\"https:\/\/draalinecouto.com.br\/?p=938\" tabindex=\"-1\" target=&quot;_blank&quot;>\n\t\t\t<div class=\"elementor-post__thumbnail\"><img fetchpriority=\"high\" decoding=\"async\" width=\"300\" height=\"200\" src=\"https:\/\/draalinecouto.com.br\/wp-content\/uploads\/2024\/01\/image-44-300x200.png\" class=\"attachment-medium size-medium wp-image-941\" alt=\"\" srcset=\"https:\/\/draalinecouto.com.br\/wp-content\/uploads\/2024\/01\/image-44-300x200.png 300w, https:\/\/draalinecouto.com.br\/wp-content\/uploads\/2024\/01\/image-44-1024x683.png 1024w, https:\/\/draalinecouto.com.br\/wp-content\/uploads\/2024\/01\/image-44-768x512.png 768w, https:\/\/draalinecouto.com.br\/wp-content\/uploads\/2024\/01\/image-44.png 1254w\" sizes=\"(max-width: 300px) 100vw, 300px\" \/><\/div>\n\t\t<\/a>\n\t\t\t\t<div class=\"elementor-post__text\">\n\t\t\t\t<h3 class=\"elementor-post__title\">\n\t\t\t<a href=\"https:\/\/draalinecouto.com.br\/?p=938\" target=&quot;_blank&quot;>\n\t\t\t\tPter\u00edgio: O Preparo\t\t\t<\/a>\n\t\t<\/h3>\n\t\t\t\t<div class=\"elementor-post__meta-data\">\n\t\t\t\t\t<span class=\"elementor-post-date\">\n\t\t\tjaneiro 30, 2024\t\t<\/span>\n\t\t\t\t<\/div>\n\t\t\t\t\t<div class=\"elementor-post__read-more-wrapper\">\n\t\t\n\t\t<a class=\"elementor-post__read-more\" href=\"https:\/\/draalinecouto.com.br\/?p=938\" aria-label=\"Read more about Pter\u00edgio: O Preparo\" tabindex=\"-1\" target=\"_blank\">\n\t\t\tLeia mais \u00bb\t\t<\/a>\n\n\t\t\t\t\t<\/div>\n\t\t\t\t<\/div>\n\t\t\t\t<\/article>\n\t\t\t\t<article class=\"elementor-post elementor-grid-item post-931 post type-post status-publish format-standard has-post-thumbnail hentry category-pterigio\" role=\"listitem\">\n\t\t\t\t<a class=\"elementor-post__thumbnail__link\" href=\"https:\/\/draalinecouto.com.br\/?p=931\" tabindex=\"-1\" target=&quot;_blank&quot;>\n\t\t\t<div class=\"elementor-post__thumbnail\"><img fetchpriority=\"high\" decoding=\"async\" width=\"300\" height=\"200\" src=\"https:\/\/draalinecouto.com.br\/wp-content\/uploads\/2024\/01\/image-44-300x200.png\" class=\"attachment-medium size-medium wp-image-941\" alt=\"\" srcset=\"https:\/\/draalinecouto.com.br\/wp-content\/uploads\/2024\/01\/image-44-300x200.png 300w, https:\/\/draalinecouto.com.br\/wp-content\/uploads\/2024\/01\/image-44-1024x683.png 1024w, https:\/\/draalinecouto.com.br\/wp-content\/uploads\/2024\/01\/image-44-768x512.png 768w, https:\/\/draalinecouto.com.br\/wp-content\/uploads\/2024\/01\/image-44.png 1254w\" sizes=\"(max-width: 300px) 100vw, 300px\" \/><\/div>\n\t\t<\/a>\n\t\t\t\t<div class=\"elementor-post__text\">\n\t\t\t\t<h3 class=\"elementor-post__title\">\n\t\t\t<a href=\"https:\/\/draalinecouto.com.br\/?p=931\" target=&quot;_blank&quot;>\n\t\t\t\tPter\u00edgio: O Procedimento\t\t\t<\/a>\n\t\t<\/h3>\n\t\t\t\t<div class=\"elementor-post__meta-data\">\n\t\t\t\t\t<span class=\"elementor-post-date\">\n\t\t\tjaneiro 30, 2024\t\t<\/span>\n\t\t\t\t<\/div>\n\t\t\t\t\t<div class=\"elementor-post__read-more-wrapper\">\n\t\t\n\t\t<a class=\"elementor-post__read-more\" href=\"https:\/\/draalinecouto.com.br\/?p=931\" aria-label=\"Read more about Pter\u00edgio: O Procedimento\" tabindex=\"-1\" target=\"_blank\">\n\t\t\tLeia mais \u00bb\t\t<\/a>\n\n\t\t\t\t\t<\/div>\n\t\t\t\t<\/div>\n\t\t\t\t<\/article>\n\t\t\t\t<article class=\"elementor-post elementor-grid-item post-932 post type-post status-publish format-standard has-post-thumbnail hentry category-pterigio\" role=\"listitem\">\n\t\t\t\t<a class=\"elementor-post__thumbnail__link\" href=\"https:\/\/draalinecouto.com.br\/?p=932\" tabindex=\"-1\" target=&quot;_blank&quot;>\n\t\t\t<div class=\"elementor-post__thumbnail\"><img fetchpriority=\"high\" decoding=\"async\" width=\"300\" height=\"200\" src=\"https:\/\/draalinecouto.com.br\/wp-content\/uploads\/2024\/01\/image-44-300x200.png\" class=\"attachment-medium size-medium wp-image-941\" alt=\"\" srcset=\"https:\/\/draalinecouto.com.br\/wp-content\/uploads\/2024\/01\/image-44-300x200.png 300w, https:\/\/draalinecouto.com.br\/wp-content\/uploads\/2024\/01\/image-44-1024x683.png 1024w, https:\/\/draalinecouto.com.br\/wp-content\/uploads\/2024\/01\/image-44-768x512.png 768w, https:\/\/draalinecouto.com.br\/wp-content\/uploads\/2024\/01\/image-44.png 1254w\" sizes=\"(max-width: 300px) 100vw, 300px\" \/><\/div>\n\t\t<\/a>\n\t\t\t\t<div class=\"elementor-post__text\">\n\t\t\t\t<h3 class=\"elementor-post__title\">\n\t\t\t<a href=\"https:\/\/draalinecouto.com.br\/?p=932\" target=&quot;_blank&quot;>\n\t\t\t\tPter\u00edgio: O que \u00e9?\t\t\t<\/a>\n\t\t<\/h3>\n\t\t\t\t<div class=\"elementor-post__meta-data\">\n\t\t\t\t\t<span class=\"elementor-post-date\">\n\t\t\tjaneiro 30, 2024\t\t<\/span>\n\t\t\t\t<\/div>\n\t\t\t\t\t<div class=\"elementor-post__read-more-wrapper\">\n\t\t\n\t\t<a class=\"elementor-post__read-more\" href=\"https:\/\/draalinecouto.com.br\/?p=932\" aria-label=\"Read more about Pter\u00edgio: O que \u00e9?\" tabindex=\"-1\" target=\"_blank\">\n\t\t\tLeia mais \u00bb\t\t<\/a>\n\n\t\t\t\t\t<\/div>\n\t\t\t\t<\/div>\n\t\t\t\t<\/article>\n\t\t\t\t<article class=\"elementor-post elementor-grid-item post-926 post type-post status-publish format-standard has-post-thumbnail hentry category-anel-corneano\" role=\"listitem\">\n\t\t\t\t<a class=\"elementor-post__thumbnail__link\" href=\"https:\/\/draalinecouto.com.br\/?p=926\" tabindex=\"-1\" target=&quot;_blank&quot;>\n\t\t\t<div class=\"elementor-post__thumbnail\"><img decoding=\"async\" width=\"300\" height=\"210\" src=\"https:\/\/draalinecouto.com.br\/wp-content\/uploads\/2024\/01\/image-42-300x210.png\" class=\"attachment-medium size-medium wp-image-921\" alt=\"\" srcset=\"https:\/\/draalinecouto.com.br\/wp-content\/uploads\/2024\/01\/image-42-300x210.png 300w, https:\/\/draalinecouto.com.br\/wp-content\/uploads\/2024\/01\/image-42-768x538.png 768w, https:\/\/draalinecouto.com.br\/wp-content\/uploads\/2024\/01\/image-42.png 800w\" sizes=\"(max-width: 300px) 100vw, 300px\" \/><\/div>\n\t\t<\/a>\n\t\t\t\t<div class=\"elementor-post__text\">\n\t\t\t\t<h3 class=\"elementor-post__title\">\n\t\t\t<a href=\"https:\/\/draalinecouto.com.br\/?p=926\" target=&quot;_blank&quot;>\n\t\t\t\tImplante de Anel Corneano: Recomenda\u00e7\u00f5es P\u00f3s-Operat\u00f3rias\t\t\t<\/a>\n\t\t<\/h3>\n\t\t\t\t<div class=\"elementor-post__meta-data\">\n\t\t\t\t\t<span class=\"elementor-post-date\">\n\t\t\tjaneiro 30, 2024\t\t<\/span>\n\t\t\t\t<\/div>\n\t\t\t\t\t<div class=\"elementor-post__read-more-wrapper\">\n\t\t\n\t\t<a class=\"elementor-post__read-more\" href=\"https:\/\/draalinecouto.com.br\/?p=926\" aria-label=\"Read more about Implante de Anel Corneano: Recomenda\u00e7\u00f5es P\u00f3s-Operat\u00f3rias\" tabindex=\"-1\" target=\"_blank\">\n\t\t\tLeia mais \u00bb\t\t<\/a>\n\n\t\t\t\t\t<\/div>\n\t\t\t\t<\/div>\n\t\t\t\t<\/article>\n\t\t\t\t<article class=\"elementor-post elementor-grid-item post-923 post type-post status-publish format-standard has-post-thumbnail hentry category-anel-corneano\" role=\"listitem\">\n\t\t\t\t<a class=\"elementor-post__thumbnail__link\" href=\"https:\/\/draalinecouto.com.br\/?p=923\" tabindex=\"-1\" target=&quot;_blank&quot;>\n\t\t\t<div class=\"elementor-post__thumbnail\"><img decoding=\"async\" width=\"300\" height=\"210\" src=\"https:\/\/draalinecouto.com.br\/wp-content\/uploads\/2024\/01\/image-42-300x210.png\" class=\"attachment-medium size-medium wp-image-921\" alt=\"\" srcset=\"https:\/\/draalinecouto.com.br\/wp-content\/uploads\/2024\/01\/image-42-300x210.png 300w, https:\/\/draalinecouto.com.br\/wp-content\/uploads\/2024\/01\/image-42-768x538.png 768w, https:\/\/draalinecouto.com.br\/wp-content\/uploads\/2024\/01\/image-42.png 800w\" sizes=\"(max-width: 300px) 100vw, 300px\" \/><\/div>\n\t\t<\/a>\n\t\t\t\t<div class=\"elementor-post__text\">\n\t\t\t\t<h3 class=\"elementor-post__title\">\n\t\t\t<a href=\"https:\/\/draalinecouto.com.br\/?p=923\" target=&quot;_blank&quot;>\n\t\t\t\tImplante de Anel Corneano: Orienta\u00e7\u00f5es para Recupera\u00e7\u00e3o\t\t\t<\/a>\n\t\t<\/h3>\n\t\t\t\t<div class=\"elementor-post__meta-data\">\n\t\t\t\t\t<span class=\"elementor-post-date\">\n\t\t\tjaneiro 30, 2024\t\t<\/span>\n\t\t\t\t<\/div>\n\t\t\t\t\t<div class=\"elementor-post__read-more-wrapper\">\n\t\t\n\t\t<a class=\"elementor-post__read-more\" href=\"https:\/\/draalinecouto.com.br\/?p=923\" aria-label=\"Read more about Implante de Anel Corneano: Orienta\u00e7\u00f5es para Recupera\u00e7\u00e3o\" tabindex=\"-1\" target=\"_blank\">\n\t\t\tLeia mais \u00bb\t\t<\/a>\n\n\t\t\t\t\t<\/div>\n\t\t\t\t<\/div>\n\t\t\t\t<\/article>\n\t\t\t\t<article class=\"elementor-post elementor-grid-item post-920 post type-post status-publish format-standard has-post-thumbnail hentry category-anel-corneano\" role=\"listitem\">\n\t\t\t\t<a class=\"elementor-post__thumbnail__link\" href=\"https:\/\/draalinecouto.com.br\/?p=920\" tabindex=\"-1\" target=&quot;_blank&quot;>\n\t\t\t<div class=\"elementor-post__thumbnail\"><img decoding=\"async\" width=\"300\" height=\"210\" src=\"https:\/\/draalinecouto.com.br\/wp-content\/uploads\/2024\/01\/image-42-300x210.png\" class=\"attachment-medium size-medium wp-image-921\" alt=\"\" srcset=\"https:\/\/draalinecouto.com.br\/wp-content\/uploads\/2024\/01\/image-42-300x210.png 300w, https:\/\/draalinecouto.com.br\/wp-content\/uploads\/2024\/01\/image-42-768x538.png 768w, https:\/\/draalinecouto.com.br\/wp-content\/uploads\/2024\/01\/image-42.png 800w\" sizes=\"(max-width: 300px) 100vw, 300px\" \/><\/div>\n\t\t<\/a>\n\t\t\t\t<div class=\"elementor-post__text\">\n\t\t\t\t<h3 class=\"elementor-post__title\">\n\t\t\t<a href=\"https:\/\/draalinecouto.com.br\/?p=920\" target=&quot;_blank&quot;>\n\t\t\t\tImplante de Anel Corneano: O Procedimento\t\t\t<\/a>\n\t\t<\/h3>\n\t\t\t\t<div class=\"elementor-post__meta-data\">\n\t\t\t\t\t<span class=\"elementor-post-date\">\n\t\t\tjaneiro 30, 2024\t\t<\/span>\n\t\t\t\t<\/div>\n\t\t\t\t\t<div class=\"elementor-post__read-more-wrapper\">\n\t\t\n\t\t<a class=\"elementor-post__read-more\" href=\"https:\/\/draalinecouto.com.br\/?p=920\" aria-label=\"Read more about Implante de Anel Corneano: O Procedimento\" tabindex=\"-1\" target=\"_blank\">\n\t\t\tLeia mais \u00bb\t\t<\/a>\n\n\t\t\t\t\t<\/div>\n\t\t\t\t<\/div>\n\t\t\t\t<\/article>\n\t\t\t\t<\/div>\n\t\t\n\t\t\t\t<div class=\"e-load-more-anchor\" data-page=\"1\" data-max-page=\"12\" data-next-page=\"https:\/\/draalinecouto.com.br\/index.php?rest_route=%2Fwp%2Fv2%2Fpages%2F2&#038;paged=2\"><\/div>\n\t\t\t\t<nav class=\"elementor-pagination\" aria-label=\"Pagina\u00e7\u00e3o\">\n\t\t\t<span class=\"page-numbers prev\">&laquo; Anterior<\/span>\n<span aria-current=\"page\" class=\"page-numbers current\"><span class=\"elementor-screen-only\">P\u00e1gina<\/span>1<\/span>\n<a class=\"page-numbers\" href=\"https:\/\/draalinecouto.com.br\/index.php\/?paged=2\"><span class=\"elementor-screen-only\">P\u00e1gina<\/span>2<\/a>\n<a class=\"page-numbers\" href=\"https:\/\/draalinecouto.com.br\/index.php\/?paged=3\"><span class=\"elementor-screen-only\">P\u00e1gina<\/span>3<\/a>\n<a class=\"page-numbers\" href=\"https:\/\/draalinecouto.com.br\/index.php\/?paged=4\"><span class=\"elementor-screen-only\">P\u00e1gina<\/span>4<\/a>\n<a class=\"page-numbers\" href=\"https:\/\/draalinecouto.com.br\/index.php\/?paged=5\"><span class=\"elementor-screen-only\">P\u00e1gina<\/span>5<\/a>\n<a class=\"page-numbers next\" href=\"https:\/\/draalinecouto.com.br\/index.php?rest_route=%2Fwp%2Fv2%2Fpages%2F2&#038;paged=2\">Seguinte &raquo;<\/a>\t\t<\/nav>\n\t\t\t\t\t\t<\/div>\n\t\t\t\t<\/div>\n\t\t\t\t\t<\/div>\n\t\t<\/div>\n\t\t\t\t\t<\/div>\n\t\t<\/section>\n\t\t\t\t<\/div>\n\t\t","protected":false},"excerpt":{"rendered":"","protected":false},"author":1,"featured_media":0,"parent":0,"menu_order":0,"comment_status":"closed","ping_status":"open","template":"","meta":{"site-sidebar-layout":"default","site-content-layout":"","ast-site-content-layout":"default","site-content-style":"default","site-sidebar-style":"default","ast-global-header-display":"","ast-banner-title-visibility":"","ast-main-header-display":"","ast-hfb-above-header-display":"","ast-hfb-below-header-display":"","ast-hfb-mobile-header-display":"","site-post-title":"","ast-breadcrumbs-content":"","ast-featured-img":"","footer-sml-layout":"","theme-transparent-header-meta":"","adv-header-id-meta":"","stick-header-meta":"","header-above-stick-meta":"","header-main-stick-meta":"","header-below-stick-meta":"","astra-migrate-meta-layouts":"default","ast-page-background-enabled":"default","ast-page-background-meta":{"desktop":{"background-color":"","background-image":"","background-repeat":"repeat","background-position":"center center","background-size":"auto","background-attachment":"scroll","background-type":"","background-media":"","overlay-type":"","overlay-color":"","overlay-opacity":"","overlay-gradient":""},"tablet":{"background-color":"","background-image":"","background-repeat":"repeat","background-position":"center center","background-size":"auto","background-attachment":"scroll","background-type":"","background-media":"","overlay-type":"","overlay-color":"","overlay-opacity":"","overlay-gradient":""},"mobile":{"background-color":"","background-image":"","background-repeat":"repeat","background-position":"center center","background-size":"auto","background-attachment":"scroll","background-type":"","background-media":"","overlay-type":"","overlay-color":"","overlay-opacity":"","overlay-gradient":""}},"ast-content-background-meta":{"desktop":{"background-color":"var(--ast-global-color-5)","background-image":"","background-repeat":"repeat","background-position":"center center","background-size":"auto","background-attachment":"scroll","background-type":"","background-media":"","overlay-type":"","overlay-color":"","overlay-opacity":"","overlay-gradient":""},"tablet":{"background-color":"var(--ast-global-color-5)","background-image":"","background-repeat":"repeat","background-position":"center center","background-size":"auto","background-attachment":"scroll","background-type":"","background-media":"","overlay-type":"","overlay-color":"","overlay-opacity":"","overlay-gradient":""},"mobile":{"background-color":"var(--ast-global-color-5)","background-image":"","background-repeat":"repeat","background-position":"center center","background-size":"auto","background-attachment":"scroll","background-type":"","background-media":"","overlay-type":"","overlay-color":"","overlay-opacity":"","overlay-gradient":""}},"footnotes":""},"class_list":["post-2","page","type-page","status-publish","hentry"],"_links":{"self":[{"href":"https:\/\/draalinecouto.com.br\/index.php?rest_route=\/wp\/v2\/pages\/2","targetHints":{"allow":["GET"]}}],"collection":[{"href":"https:\/\/draalinecouto.com.br\/index.php?rest_route=\/wp\/v2\/pages"}],"about":[{"href":"https:\/\/draalinecouto.com.br\/index.php?rest_route=\/wp\/v2\/types\/page"}],"author":[{"embeddable":true,"href":"https:\/\/draalinecouto.com.br\/index.php?rest_route=\/wp\/v2\/users\/1"}],"replies":[{"embeddable":true,"href":"https:\/\/draalinecouto.com.br\/index.php?rest_route=%2Fwp%2Fv2%2Fcomments&post=2"}],"version-history":[{"count":4,"href":"https:\/\/draalinecouto.com.br\/index.php?rest_route=\/wp\/v2\/pages\/2\/revisions"}],"predecessor-version":[{"id":706,"href":"https:\/\/draalinecouto.com.br\/index.php?rest_route=\/wp\/v2\/pages\/2\/revisions\/706"}],"wp:attachment":[{"href":"https:\/\/draalinecouto.com.br\/index.php?rest_route=%2Fwp%2Fv2%2Fmedia&parent=2"}],"curies":[{"name":"wp","href":"https:\/\/api.w.org\/{rel}","templated":true}]}}